{"id":77,"date":"2025-10-21T08:01:00","date_gmt":"2025-10-21T08:01:00","guid":{"rendered":"https:\/\/dpolering.dk\/processes\/"},"modified":"2025-11-04T15:46:10","modified_gmt":"2025-11-04T15:46:10","slug":"processes","status":"publish","type":"page","link":"https:\/\/dpolering.dk\/?page_id=77","title":{"rendered":"F\u00e5 et tilbud"},"content":{"rendered":"\n\n\n\n\n<h3>Hvordan fungere det!<\/h3>\n\n\n\n\n\n<p [object NamedNodeMap]>L\u00e6r om vores enkle og effektive Tilbuds proces designet til at give dig de bedste resultater.<\/p>\n\n\n\n\n\n<h5>Indledende kontakt<\/h5>\n\n\n\n\n\n<p [object NamedNodeMap]>Vi starter med en grundig vurdering af dit behov og giver et gratis tilbud.<br><\/p>\n\n\n\n\n\n<p>Lorem Ipsum has been the industry&#8217;s standard dummy text ever since the 1500s.<\/p>\n\n\n\n\n\n\n\n<p>Lorem Ipsum has been the industry&#8217;s standard dummy text ever since the 1500s.<\/p>\n\n\n\n\n\n<h5>Planl\u00e6gning af opgave<\/h5>\n\n\n\n\n\n<p [object NamedNodeMap]>N\u00e5r du har godkendt vores tilbud, planl\u00e6gger vi et passende tidspunkt for vores team til at udf\u00f8re reng\u00f8ringen.<\/p>\n\n\n\n\n\n\n\n<h5>Kvalitetssikring<\/h5>\n\n\n\n\n\n<p [object NamedNodeMap]>Vores team s\u00f8rger for lave opgaven omhyggeligt , s\u00e5 dine vinduer efterlades pletfri og stribefri.<\/p>\n\n\n\n\n\n<p>Lorem Ipsum has been the industry&#8217;s standard dummy text ever since the 1500s.<\/p>\n\n\n\n\n\n\n\n<p>Lorem Ipsum has been the industry&#8217;s standard dummy text ever since the 1500s.<\/p>\n\n\n\n\n\n<h5>Opf\u00f8lgning<\/h5>\n\n\n\n\n\n<p [object NamedNodeMap]>Vi f\u00f8lger op med dig for at sikre tilfredshed og l\u00f8se eventuelle bekymringer, du m\u00e5tte have efter opgaven.<\/p>\n\n\n\n\n\n\n\n\n\n\n\n\n\n\n\n<h1>F\u00e5r et gratis tilbud<\/h1>\n\n\n\n\n","protected":false},"excerpt":{"rendered":"","protected":false},"author":1,"featured_media":0,"parent":0,"menu_order":0,"comment_status":"closed","ping_status":"closed","template":"","meta":{"pagelayer_contact_templates":[],"_pagelayer_content":"","footnotes":""},"class_list":["post-77","page","type-page","status-publish","hentry"],"_links":{"self":[{"href":"https:\/\/dpolering.dk\/index.php?rest_route=\/wp\/v2\/pages\/77","targetHints":{"allow":["GET"]}}],"collection":[{"href":"https:\/\/dpolering.dk\/index.php?rest_route=\/wp\/v2\/pages"}],"about":[{"href":"https:\/\/dpolering.dk\/index.php?rest_route=\/wp\/v2\/types\/page"}],"author":[{"embeddable":true,"href":"https:\/\/dpolering.dk\/index.php?rest_route=\/wp\/v2\/users\/1"}],"replies":[{"embeddable":true,"href":"https:\/\/dpolering.dk\/index.php?rest_route=%2Fwp%2Fv2%2Fcomments&post=77"}],"version-history":[{"count":8,"href":"https:\/\/dpolering.dk\/index.php?rest_route=\/wp\/v2\/pages\/77\/revisions"}],"predecessor-version":[{"id":147,"href":"https:\/\/dpolering.dk\/index.php?rest_route=\/wp\/v2\/pages\/77\/revisions\/147"}],"wp:attachment":[{"href":"https:\/\/dpolering.dk\/index.php?rest_route=%2Fwp%2Fv2%2Fmedia&parent=77"}],"curies":[{"name":"wp","href":"https:\/\/api.w.org\/{rel}","templated":true}]}}